{"id":69,"date":"2016-02-16T12:17:03","date_gmt":"2016-02-16T11:17:03","guid":{"rendered":"http:\/\/raac-sida.org\/?page_id=69"},"modified":"2016-03-29T14:15:13","modified_gmt":"2016-03-29T13:15:13","slug":"afrique-arc-en-ciel","status":"publish","type":"page","link":"https:\/\/raac-sida.org\/index.php\/associations\/afrique-arc-en-ciel\/","title":{"rendered":"Afrique Arc en Ciel"},"content":{"rendered":"<div class=\"content clearfix\">\n<div class=\"field field-name-body field-type-text-with-summary field-label-hidden\">\n<div class=\"field-items\">\n<div class=\"field-item even\">\n<p><img loading=\"lazy\" class=\"alignnone size-full wp-image-236\" src=\"http:\/\/raac-sida.org\/wp-content\/uploads\/2016\/02\/logo-AAEC.png\" alt=\"logo AAEC\" width=\"120\" height=\"120\" \/><\/p>\n<p>Afrique Arc-en-Ciel (AAEC) est une association cr\u00e9\u00e9e en 2007 par des gays africains. L&rsquo;association est aujourd&rsquo;hui implant\u00e9e \u00e0 Paris, \u00e0 Toulouse, \u00e0 Conakry et \u00e0 Lom\u00e9 gr\u00e2ce \u00e0 des militants motiv\u00e9s qui ont su traduire dans le concret cette id\u00e9e qui a germ\u00e9 et qui paraissait difficile \u00e0 r\u00e9aliser. Gr\u00e2ce \u00e0 eux, AAEC est aujourd\u2019hui une r\u00e9alit\u00e9 palpable, une association qui agit et vit.<\/p>\n<div class=\"views-field views-field-field-description\">\n<p>Afrique Arc En Ciel Paris IDF mobilise les gays, lesbiennes, bi originaires des cara\u00efbes et d&rsquo;Afrique noire et vivant en r\u00e9gion parisienne autour des probl\u00e9matiques d&rsquo;\u00e9panouissement, de bien-\u00eatre des homos, de sant\u00e9 sexuelle et de lutte contre le <span class=\"lexicon-term\"><abbr title=\"Virus de l\u2019immunod\u00e9ficience humaine. En anglais : HIV (Human Immunodeficiency Virus). Isol\u00e9 en 1983 \u00e0 l\u2019institut pasteur de paris; d\u00e9couverte r\u00e9cemment (2008) r\u00e9compens\u00e9e par le prix Nobel de m\u00e9decine d\u00e9cern\u00e9 \u00e0 Luc montagnier et \u00e0 Fran\u00e7oise Barr\u00e9-Sinoussi.\">VIH<\/abbr><\/span> et les <span class=\"lexicon-term\"><abbr title=\"Infections sexuellement transmissibles.\u00a0\">IST<\/abbr><\/span> .<br \/>\nElle travaille avec des partenaires associatifs (associations afro carib\u00e9enes et autres) pour faire avancer ces probl\u00e9matiques.<\/p>\n<p><strong>Objet de l\u2019association<\/strong><\/p>\n<ul>\n<li>Mobilisation, visibilit\u00e9 des LGBT afro-carib\u00e9ens<\/li>\n<li>Vulgarisation et appropriation de la pr\u00e9vention et de la r\u00e9duction des risques sexuels\u00a0;<\/li>\n<li>accompagnement \u00e0 l\u2019acc\u00e8s aux droits et aux soins\u00a0;<\/li>\n<li>accompagnement et\/ou orientation vers le d\u00e9pistage du VIH et des IST<\/li>\n<\/ul>\n<p><strong>Activit\u00e9s propos\u00e9es<\/strong><\/p>\n<ul>\n<li>R\u00e9unions mensuelles chaque 1er et 3e vendredi du mois ouvertes au public selon disponibilit\u00e9 des salles<\/li>\n<li>Accueil individuel sur rdv pris au 06.12.83.50.75<\/li>\n<li>Soir\u00e9es th\u00e9matiques et convivialit\u00e9-pr\u00e9vention<\/li>\n<li>Week-ends d\u2019action sant\u00e9<\/li>\n<\/ul>\n<p>&nbsp;<\/p>\n<p><strong>Comment adh\u00e9rer<\/strong><\/p>\n<ul>\n<li>S\u2019int\u00e9resser \u00e0 la probl\u00e9matique lgbt afro-carib\u00e9enne<\/li>\n<li>Venir \u00e0 une r\u00e9union ou prendre rdv<\/li>\n<li>Adh\u00e9sion\u00a0: 10\u20ac annuelle et cotisation\u00a0: 5\u20ac mensuelle<\/li>\n<\/ul>\n<p>&nbsp;<\/p>\n<p><strong>Site internet et contacts<br \/>\n<\/strong><\/p>\n<p><a class=\"spip_out\" href=\"http:\/\/www.afriquearcenciel.org\/drupal7\/?q=aaecparis\" rel=\"external\">http:\/\/www.afriquearcenciel.org\/drupal7\/?q=aaecparis<\/a><\/p>\n<p>Mail\u00a0: <a class=\"spip_mail\" href=\"mailto:kontact.aaec.parisidf@hotmail.fr\">kontact.aaecparisidf@hotmail.fr<\/a><\/p>\n<p>T\u00e9l\u00e9phone\u00a0: 06 12 83 50 75 (Ariel)<\/p>\n<p>Facebook\u00a0: <a class=\"spip_out\" href=\"https:\/\/www.facebook.com\/afriqueparis\" rel=\"external\">Idf Afrike Arcenciel<\/a><\/p>\n<\/div>\n<\/div>\n<\/div>\n<\/div>\n<\/div>\n","protected":false},"excerpt":{"rendered":"<p>Afrique Arc-en-Ciel (AAEC) est une association cr\u00e9\u00e9e en 2007 par des gays africains. L&rsquo;association est aujourd&rsquo;hui implant\u00e9e \u00e0 Paris, \u00e0 Toulouse, \u00e0 Conakry et \u00e0 Lom\u00e9 gr\u00e2ce \u00e0 des militants motiv\u00e9s qui ont su traduire dans le concret cette id\u00e9e qui a germ\u00e9 et qui paraissait difficile \u00e0 r\u00e9aliser. Gr\u00e2ce \u00e0 eux, AAEC est aujourd\u2019hui &hellip; <a href=\"https:\/\/raac-sida.org\/index.php\/associations\/afrique-arc-en-ciel\/\" class=\"more-link\">Continuer la lecture<span class=\"screen-reader-text\"> de &laquo;&nbsp;Afrique Arc en Ciel&nbsp;&raquo;<\/span><\/a><\/p>\n","protected":false},"author":1,"featured_media":0,"parent":14,"menu_order":0,"comment_status":"closed","ping_status":"closed","template":"","meta":[],"_links":{"self":[{"href":"https:\/\/raac-sida.org\/index.php\/wp-json\/wp\/v2\/pages\/69"}],"collection":[{"href":"https:\/\/raac-sida.org\/index.php\/wp-json\/wp\/v2\/pages"}],"about":[{"href":"https:\/\/raac-sida.org\/index.php\/wp-json\/wp\/v2\/types\/page"}],"author":[{"embeddable":true,"href":"https:\/\/raac-sida.org\/index.php\/wp-json\/wp\/v2\/users\/1"}],"replies":[{"embeddable":true,"href":"https:\/\/raac-sida.org\/index.php\/wp-json\/wp\/v2\/comments?post=69"}],"version-history":[{"count":6,"href":"https:\/\/raac-sida.org\/index.php\/wp-json\/wp\/v2\/pages\/69\/revisions"}],"predecessor-version":[{"id":237,"href":"https:\/\/raac-sida.org\/index.php\/wp-json\/wp\/v2\/pages\/69\/revisions\/237"}],"up":[{"embeddable":true,"href":"https:\/\/raac-sida.org\/index.php\/wp-json\/wp\/v2\/pages\/14"}],"wp:attachment":[{"href":"https:\/\/raac-sida.org\/index.php\/wp-json\/wp\/v2\/media?parent=69"}],"curies":[{"name":"wp","href":"https:\/\/api.w.org\/{rel}","templated":true}]}}