{"id":65,"date":"2016-02-16T12:07:57","date_gmt":"2016-02-16T11:07:57","guid":{"rendered":"http:\/\/raac-sida.org\/?page_id=65"},"modified":"2016-02-16T12:07:57","modified_gmt":"2016-02-16T11:07:57","slug":"aides","status":"publish","type":"page","link":"https:\/\/raac-sida.org\/index.php\/associations\/aides\/","title":{"rendered":"AIDES"},"content":{"rendered":"<p><img loading=\"lazy\" class=\"alignnone wp-image-52 size-medium\" src=\"http:\/\/raac-sida.org\/wp-content\/uploads\/2016\/02\/logoAidesGF-300x156.jpeg\" alt=\"AIDESPLUSlogo\" width=\"300\" height=\"156\" srcset=\"https:\/\/raac-sida.org\/wp-content\/uploads\/2016\/02\/logoAidesGF-300x156.jpeg 300w, https:\/\/raac-sida.org\/wp-content\/uploads\/2016\/02\/logoAidesGF-768x399.jpeg 768w, https:\/\/raac-sida.org\/wp-content\/uploads\/2016\/02\/logoAidesGF-1024x532.jpeg 1024w, https:\/\/raac-sida.org\/wp-content\/uploads\/2016\/02\/logoAidesGF-1200x623.jpeg 1200w\" sizes=\"(max-width: 300px) 85vw, 300px\" \/><\/p>\n<p><strong>Cr\u00e9\u00e9e en 1984 et reconnue d&rsquo;utilit\u00e9 publique en 1990, AIDES est la premi\u00e8re association fran\u00e7aise de lutte contre le VIH\/sida et les h\u00e9patites virales en France et l&rsquo;une des plus importantes au niveau europ\u00e9en. AIDES est aujourd&rsquo;hui pr\u00e9sente dans plus de 70 villes fran\u00e7aises, au plus pr\u00e8s des personnes touch\u00e9es, et entretient de nombreux partenariats \u00e0 l&rsquo;international. Son pr\u00e9sident actuel est Aur\u00e9lien Beaucamp.<\/strong><\/p>\n<div id=\"field-body\" class=\"field\">\n<p>Informer les diff\u00e9rents publics expos\u00e9s au VIH et aux h\u00e9patites pour pr\u00e9venir et r\u00e9duire les risques de transmission. Soutenir et accompagner les personnes s\u00e9ropositives dans leurs combats quotidiens. Travailler avec les pouvoirs publics et les autorit\u00e9s de sant\u00e9 pour am\u00e9liorer les conditions de vie de ces personnes. Voici quelques exemples des nombreuses missions dont se chargent les militants de AIDES au quotidien.<\/p>\n<p>Le \u201cr\u00e9seau\u201d de AIDES est anim\u00e9 par des volontaires qui re\u00e7oivent le soutien des salari\u00e9s de l\u2019association.\u00a0Ainsi, plus de 1 000 personnes s\u2019engagent au quotidien, aupr\u00e8s des populations les plus vuln\u00e9rables, dans la mise en \u0153uvre de programmes de pr\u00e9vention, d\u2019\u00e9coute et de soutien des personnes touch\u00e9es, d\u2019aide au retour \u00e0 l\u2019emploi, de r\u00e9duction des risques&#8230;<\/p>\n<p>En France m\u00e9tropolitaine et dans les d\u00e9partements fran\u00e7ais d&rsquo;Outre-Mer, un important r\u00e9seau de partenariats permet \u00e0 l&rsquo;association de travailler avec les professionnels de sant\u00e9, les responsables de l&rsquo;action sociale, les \u00e9tablissements p\u00e9nitentiaires et autres structures d&rsquo;accueil d&rsquo;urgence. Les travaux de la Mission Innovation Recherche Exp\u00e9rimentation (MIRE) de AIDES, le collectif TRT-5, qui est h\u00e9berg\u00e9 au si\u00e8ge de l&rsquo;association, et d&rsquo;autres dispositifs de veille permettent, en m\u00eame temps, de recenser les besoins des personnes s\u00e9ropositives et de faire avancer la recherche.<\/p>\n<\/div>\n<p><b><strong>O\u00f9 trouver<\/strong> <strong>l&rsquo;association<\/strong> : <a href=\"http:\/\/www.aides.org\/le-reseau-aides-en-france-et-dom\" target=\"_blank\">carte du r\u00e9seau de AIDES<\/a><\/b><\/p>\n<p><b>contact :\u00a0<\/b><br \/>\n&#8211; T\u00e9l : 0805 160 011 (gratuit depuis un fixe) \/ 01 41 83 46 46<br \/>\n&#8211;\u00a0<a href=\"http:\/\/www.aides.org\/contact\">Par courriel<\/a><\/p>\n<div>\n<div>Aides<\/div>\n<div>\n<div>\n<p>Tour Essor <br class=\"manualbr\" \/>14 rue Scandicci<br class=\"manualbr\" \/>93 508 Pantin cedex<\/p>\n<\/div>\n<p><a href=\"http:\/\/www.aides.org\">http:\/\/www.aides.org<\/a><\/p>\n<\/div>\n<\/div>\n","protected":false},"excerpt":{"rendered":"<p>Cr\u00e9\u00e9e en 1984 et reconnue d&rsquo;utilit\u00e9 publique en 1990, AIDES est la premi\u00e8re association fran\u00e7aise de lutte contre le VIH\/sida et les h\u00e9patites virales en France et l&rsquo;une des plus importantes au niveau europ\u00e9en. AIDES est aujourd&rsquo;hui pr\u00e9sente dans plus de 70 villes fran\u00e7aises, au plus pr\u00e8s des personnes touch\u00e9es, et entretient de nombreux partenariats &hellip; <a href=\"https:\/\/raac-sida.org\/index.php\/associations\/aides\/\" class=\"more-link\">Continuer la lecture<span class=\"screen-reader-text\"> de &laquo;&nbsp;AIDES&nbsp;&raquo;<\/span><\/a><\/p>\n","protected":false},"author":1,"featured_media":0,"parent":14,"menu_order":0,"comment_status":"closed","ping_status":"closed","template":"","meta":[],"_links":{"self":[{"href":"https:\/\/raac-sida.org\/index.php\/wp-json\/wp\/v2\/pages\/65"}],"collection":[{"href":"https:\/\/raac-sida.org\/index.php\/wp-json\/wp\/v2\/pages"}],"about":[{"href":"https:\/\/raac-sida.org\/index.php\/wp-json\/wp\/v2\/types\/page"}],"author":[{"embeddable":true,"href":"https:\/\/raac-sida.org\/index.php\/wp-json\/wp\/v2\/users\/1"}],"replies":[{"embeddable":true,"href":"https:\/\/raac-sida.org\/index.php\/wp-json\/wp\/v2\/comments?post=65"}],"version-history":[{"count":1,"href":"https:\/\/raac-sida.org\/index.php\/wp-json\/wp\/v2\/pages\/65\/revisions"}],"predecessor-version":[{"id":66,"href":"https:\/\/raac-sida.org\/index.php\/wp-json\/wp\/v2\/pages\/65\/revisions\/66"}],"up":[{"embeddable":true,"href":"https:\/\/raac-sida.org\/index.php\/wp-json\/wp\/v2\/pages\/14"}],"wp:attachment":[{"href":"https:\/\/raac-sida.org\/index.php\/wp-json\/wp\/v2\/media?parent=65"}],"curies":[{"name":"wp","href":"https:\/\/api.w.org\/{rel}","templated":true}]}}