{"id":213,"date":"2016-02-18T15:30:02","date_gmt":"2016-02-18T14:30:02","guid":{"rendered":"http:\/\/raac-sida.org\/?page_id=213"},"modified":"2016-02-18T15:30:02","modified_gmt":"2016-02-18T14:30:02","slug":"brochures-et-autres-publications","status":"publish","type":"page","link":"https:\/\/raac-sida.org\/index.php\/brochures-et-autres-publications\/","title":{"rendered":"brochures et autres publications"},"content":{"rendered":"<h5><a href=\"http:\/\/www.seronet.info\/sites\/default\/files\/shared\/admin\/images\/guide_migrant-etranger_aides_2014.pdf\" rel=\"attachment wp-att-216\"><img loading=\"lazy\" class=\"wp-image-216  alignleft\" src=\"http:\/\/raac-sida.org\/wp-content\/uploads\/2016\/02\/MigrantSanteDroits-200x300.jpg\" alt=\"MigrantSanteDroits\" width=\"139\" height=\"209\" srcset=\"https:\/\/raac-sida.org\/wp-content\/uploads\/2016\/02\/MigrantSanteDroits-200x300.jpg 200w, https:\/\/raac-sida.org\/wp-content\/uploads\/2016\/02\/MigrantSanteDroits.jpg 667w\" sizes=\"(max-width: 139px) 85vw, 139px\" \/><\/a>Migrant\/\u00e9tranger vivant en France : ma sant\u00e9 et mes droits<\/h5>\n<p>Ce <a href=\"http:\/\/www.seronet.info\/sites\/default\/files\/shared\/admin\/images\/guide_migrant-etranger_aides_2014.pdf\" target=\"_blank\">guide<\/a>, \u00e9labor\u00e9 par le RAAC-sida en partenariat avec AIDES, s&rsquo;adresse aux personnes migrantes et \u00e9trang\u00e8re malades ou accompagnantes d\u2019une personne malade pour les aider \u00e0 d\u00e9fendre leur droit \u00e0 vivre en France et leur acc\u00e8s aux soins. Paru en 2009 sous le titre du \u00ab\u00a0<em>Guide migrant\/\u00e9tranger, mes droits pour vivre en France\u00a0\u00bb<\/em>, il a \u00e9t\u00e9 actualis\u00e9 en 2014 en int\u00e9grant des nouveaux dispositifs de la loi sur les \u00e9trangers malades.<\/p>\n<p>&nbsp;<\/p>\n","protected":false},"excerpt":{"rendered":"<p>Migrant\/\u00e9tranger vivant en France : ma sant\u00e9 et mes droits Ce guide, \u00e9labor\u00e9 par le RAAC-sida en partenariat avec AIDES, s&rsquo;adresse aux personnes migrantes et \u00e9trang\u00e8re malades ou accompagnantes d\u2019une personne malade pour les aider \u00e0 d\u00e9fendre leur droit \u00e0 vivre en France et leur acc\u00e8s aux soins. Paru en 2009 sous le titre du &hellip; <a href=\"https:\/\/raac-sida.org\/index.php\/brochures-et-autres-publications\/\" class=\"more-link\">Continuer la lecture<span class=\"screen-reader-text\"> de &laquo;&nbsp;brochures et autres publications&nbsp;&raquo;<\/span><\/a><\/p>\n","protected":false},"author":1,"featured_media":0,"parent":0,"menu_order":0,"comment_status":"closed","ping_status":"closed","template":"","meta":[],"_links":{"self":[{"href":"https:\/\/raac-sida.org\/index.php\/wp-json\/wp\/v2\/pages\/213"}],"collection":[{"href":"https:\/\/raac-sida.org\/index.php\/wp-json\/wp\/v2\/pages"}],"about":[{"href":"https:\/\/raac-sida.org\/index.php\/wp-json\/wp\/v2\/types\/page"}],"author":[{"embeddable":true,"href":"https:\/\/raac-sida.org\/index.php\/wp-json\/wp\/v2\/users\/1"}],"replies":[{"embeddable":true,"href":"https:\/\/raac-sida.org\/index.php\/wp-json\/wp\/v2\/comments?post=213"}],"version-history":[{"count":1,"href":"https:\/\/raac-sida.org\/index.php\/wp-json\/wp\/v2\/pages\/213\/revisions"}],"predecessor-version":[{"id":218,"href":"https:\/\/raac-sida.org\/index.php\/wp-json\/wp\/v2\/pages\/213\/revisions\/218"}],"wp:attachment":[{"href":"https:\/\/raac-sida.org\/index.php\/wp-json\/wp\/v2\/media?parent=213"}],"curies":[{"name":"wp","href":"https:\/\/api.w.org\/{rel}","templated":true}]}}