{"id":2,"date":"2016-02-15T13:07:47","date_gmt":"2016-02-15T12:07:47","guid":{"rendered":"http:\/\/raac-sida.org\/?page_id=2"},"modified":"2016-02-18T15:35:51","modified_gmt":"2016-02-18T14:35:51","slug":"accueil","status":"publish","type":"page","link":"https:\/\/raac-sida.org\/","title":{"rendered":"Avec nous, pour nous"},"content":{"rendered":"<p><img loading=\"lazy\" class=\" wp-image-187 alignleft\" src=\"http:\/\/raac-sida.org\/wp-content\/uploads\/2016\/02\/cropped-cropped-cropped-RAAC-LogoCoul-1-300x261.jpg\" alt=\"cropped-cropped-cropped-RAAC-LogoCoul-1.jpg\" width=\"183\" height=\"160\" srcset=\"https:\/\/raac-sida.org\/wp-content\/uploads\/2016\/02\/cropped-cropped-cropped-RAAC-LogoCoul-1-300x261.jpg 300w, https:\/\/raac-sida.org\/wp-content\/uploads\/2016\/02\/cropped-cropped-cropped-RAAC-LogoCoul-1-768x669.jpg 768w, https:\/\/raac-sida.org\/wp-content\/uploads\/2016\/02\/cropped-cropped-cropped-RAAC-LogoCoul-1-1024x891.jpg 1024w, https:\/\/raac-sida.org\/wp-content\/uploads\/2016\/02\/cropped-cropped-cropped-RAAC-LogoCoul-1.jpg 2000w\" sizes=\"(max-width: 183px) 85vw, 183px\" \/><strong>Alors que les personnes originaires d\u2019Afrique subsaharienne et des Cara\u00efbes restent parmi les plus touch\u00e9es par le VIH et les h\u00e9patites en France le RAAC-sida s&rsquo;est donn\u00e9 pour objectif de soutenir et d\u00e9velopper la mobilisation des communaut\u00e9s noires originaires d\u2019Afrique et des Cara\u00efbes.<\/strong><\/p>\n<p>Les personnes migrantes originaires d\u2019Afrique subsaharienne vivant en France repr\u00e9sentent 31% des d\u00e9couvertes de s\u00e9ropositivit\u00e9 en 2013 et parmi ces derni\u00e8res, au moins un quart ont \u00e9t\u00e9 contamin\u00e9es en France, ou tout au moins en Europe.\u00a0Parmi les femmes qui ont d\u00e9couvert leur s\u00e9ropositivit\u00e9 en 2013, 61% sont n\u00e9es en Afrique subsaharienne.<\/p>\n<p>Les tests rapides d\u2019orientation diagnostique r\u00e9alis\u00e9s par nos associations font par ailleurs apparaitre un nombre \u00e9lev\u00e9 de nouvelles contaminations chez les hommes d\u2019origines africaine et carib\u00e9enne ayant des relations sexuelles avec d\u2019autres hommes.<\/p>\n<p>Il y a un besoin de <strong>renforcer les connaissances des populations<\/strong> en mati\u00e8re de pr\u00e9vention combin\u00e9e, sur les modes de contamination et sur les diff\u00e9rents outils et strat\u00e9gies de r\u00e9duction des risques sexuels concernant le VIH, les IST et les h\u00e9patites virales\u00a0: utilisation du pr\u00e9servatif, r\u00f4le du d\u00e9pistage et des traitements dans la pr\u00e9vention.<\/p>\n<p style=\"text-align: center;\"><img loading=\"lazy\" class=\"aligncenter wp-image-8\" src=\"http:\/\/raac-sida.org\/wp-content\/uploads\/2016\/02\/cropped-RAAC-sida-couverture-300x206.jpg\" alt=\"cropped-RAAC-sida-couverture.jpg\" width=\"300\" height=\"206\" srcset=\"https:\/\/raac-sida.org\/wp-content\/uploads\/2016\/02\/cropped-RAAC-sida-couverture-300x206.jpg 300w, https:\/\/raac-sida.org\/wp-content\/uploads\/2016\/02\/cropped-RAAC-sida-couverture-768x528.jpg 768w, https:\/\/raac-sida.org\/wp-content\/uploads\/2016\/02\/cropped-RAAC-sida-couverture-437x300.jpg 437w, https:\/\/raac-sida.org\/wp-content\/uploads\/2016\/02\/cropped-RAAC-sida-couverture.jpg 1000w\" sizes=\"(max-width: 300px) 85vw, 300px\" \/><\/p>\n<p>L\u2019action du RAAC-sida vise, via les associations du r\u00e9seau, \u00e0 <strong>soutenir la capacit\u00e9 des personnes migrantes originaires d\u2019Afrique et des Cara\u00efbes, et en particulier des femmes,\u00a0 \u00e0 agir efficacement pour leur sant\u00e9 en s\u2019appropriant les outils et strat\u00e9gies de r\u00e9duction de risques li\u00e9s \u00e0 la sexualit\u00e9\u00a0<\/strong>;<\/p>\n<p>Le r\u00e9seau veut <strong>agir contre les discriminations et les stigmatisations li\u00e9es au VIH<\/strong> <strong>et \u00e0 l\u2019homophobie<\/strong> au sein des communaut\u00e9s qui accentuent la vuln\u00e9rabilit\u00e9 des hommes ayant des rapports sexuels avec les personnes de m\u00eame sexe ;<\/p>\n<p>Par l\u2019information et le plaidoyer le r\u00e9seau pourra contribuer \u00e0 r\u00e9duire le retard au d\u00e9pistage du VIH et des h\u00e9patites B et C en soutenant la <strong>diversification de l\u2019offre de d\u00e9pistage<\/strong> ;<\/p>\n<p>En garantissant la <strong>veille sur les obstacles administratifs<\/strong> &#8211; notamment pour les primo-arrivants ou pour celles qui n\u2019ont pas encore obtenu une r\u00e9gularisation administrative &#8211; et mobilisant les partenaires du RAAC-sida \u00e0 <strong>lutter contre les expulsions<\/strong> qui se font en silence, lesquelles conduisent bon nombre de personnes \u00e0 renoncer aux soins pour des raisons administratives, le r\u00e9seau pourra <strong>contribuer \u00e0 faire reconna\u00eetre les besoins face aux barri\u00e8res \u00e0 l\u2019acc\u00e8s aux soins et \u00e0 la sant\u00e9<\/strong> ;<\/p>\n<p>En investissant les espaces de d\u00e9mocratie sanitaire pour plaider sur l\u2019am\u00e9lioration de la prise en charge m\u00e9dicale et sociale des personnes immigrantes\/\u00e9trang\u00e8res touch\u00e9es par le VIH et les h\u00e9patites B et C, le RAAC-sida veut en souligner les enjeux, soulign\u00e9s notamment dans les premi\u00e8res donn\u00e9es qualitatives et quantitatives de l\u2019\u00e9tude <em><a href=\"http:\/\/www.anrs.fr\/VIH-SIDA\/Sante-publique-Sciences-sociales\/Actualites\/Parcours-de-vie-et-de-sante-des-migrants-une-enquete-de-l-ANRS\" target=\"_blank\">Parcours<\/a> <\/em><em>(<\/em><em>Parcours de vie, VIH et h\u00e9patite B chez les migrants africains en Ile-de-France)<\/em>.<\/p>\n<p>&nbsp;<\/p>\n<p>avec le soutien de l&rsquo;INPES<\/p>\n<p><img loading=\"lazy\" class=\"wp-image-53 alignnone\" src=\"http:\/\/raac-sida.org\/wp-content\/uploads\/2016\/02\/logo-INPES-150x150.jpg\" alt=\"logo INPES\" width=\"109\" height=\"109\" srcset=\"https:\/\/raac-sida.org\/wp-content\/uploads\/2016\/02\/logo-INPES-150x150.jpg 150w, https:\/\/raac-sida.org\/wp-content\/uploads\/2016\/02\/logo-INPES-300x300.jpg 300w, https:\/\/raac-sida.org\/wp-content\/uploads\/2016\/02\/logo-INPES-768x768.jpg 768w, https:\/\/raac-sida.org\/wp-content\/uploads\/2016\/02\/logo-INPES.jpg 900w\" sizes=\"(max-width: 109px) 85vw, 109px\" \/><\/p>\n","protected":false},"excerpt":{"rendered":"<p>Alors que les personnes originaires d\u2019Afrique subsaharienne et des Cara\u00efbes restent parmi les plus touch\u00e9es par le VIH et les h\u00e9patites en France le RAAC-sida s&rsquo;est donn\u00e9 pour objectif de soutenir et d\u00e9velopper la mobilisation des communaut\u00e9s noires originaires d\u2019Afrique et des Cara\u00efbes. Les personnes migrantes originaires d\u2019Afrique subsaharienne vivant en France repr\u00e9sentent 31% des &hellip; <a href=\"https:\/\/raac-sida.org\/\" class=\"more-link\">Continuer la lecture<span class=\"screen-reader-text\"> de &laquo;&nbsp;Avec nous, pour nous&nbsp;&raquo;<\/span><\/a><\/p>\n","protected":false},"author":1,"featured_media":0,"parent":0,"menu_order":0,"comment_status":"closed","ping_status":"open","template":"","meta":[],"_links":{"self":[{"href":"https:\/\/raac-sida.org\/index.php\/wp-json\/wp\/v2\/pages\/2"}],"collection":[{"href":"https:\/\/raac-sida.org\/index.php\/wp-json\/wp\/v2\/pages"}],"about":[{"href":"https:\/\/raac-sida.org\/index.php\/wp-json\/wp\/v2\/types\/page"}],"author":[{"embeddable":true,"href":"https:\/\/raac-sida.org\/index.php\/wp-json\/wp\/v2\/users\/1"}],"replies":[{"embeddable":true,"href":"https:\/\/raac-sida.org\/index.php\/wp-json\/wp\/v2\/comments?post=2"}],"version-history":[{"count":23,"href":"https:\/\/raac-sida.org\/index.php\/wp-json\/wp\/v2\/pages\/2\/revisions"}],"predecessor-version":[{"id":221,"href":"https:\/\/raac-sida.org\/index.php\/wp-json\/wp\/v2\/pages\/2\/revisions\/221"}],"wp:attachment":[{"href":"https:\/\/raac-sida.org\/index.php\/wp-json\/wp\/v2\/media?parent=2"}],"curies":[{"name":"wp","href":"https:\/\/api.w.org\/{rel}","templated":true}]}}