{"id":177,"date":"2016-02-16T17:36:33","date_gmt":"2016-02-16T16:36:33","guid":{"rendered":"http:\/\/raac-sida.org\/?page_id=177"},"modified":"2016-12-19T16:19:33","modified_gmt":"2016-12-19T15:19:33","slug":"gingembre","status":"publish","type":"page","link":"https:\/\/raac-sida.org\/index.php\/gingembre\/","title":{"rendered":"Gingembre"},"content":{"rendered":"<blockquote><p>La <strong>revue Gingembre<\/strong>, trimestrielle, assure une importante visibilit\u00e9 au RAAC-sida en m\u00eame temps qu\u2019elle constitue un incontournable outil de r\u00e9flexion pour la lutte contre le sida et les h\u00e9patites dans les communaut\u00e9s afro-carib\u00e9ennes.<\/p>\n<p>Encart\u00e9e dans la revue <a href=\"http:\/\/www.aides.org\/remaides\" target=\"_blank\">REMAIDES<\/a>, elle est \u00e9galement diffus\u00e9e \u00e0 part en direction des associations du RAAC-sida et des communaut\u00e9s africaines.<\/p><\/blockquote>\n<p>Vous pouvez t\u00e9l\u00e9charger ici les derniers num\u00e9ros :<\/p>\n<ul>\n<li><a href=\"http:\/\/www.aides.org\/download.php?filepath=\/sites\/default\/files\/remaides\/gingembre_28.pdf\" target=\"_blank\">Gingembre n\u00b028<\/a> (automne 2016) : Malades \u00e9trangers, la France expulse<\/li>\n<li><a href=\"http:\/\/www.aides.org\/download.php?filepath=\/sites\/default\/files\/remaides\/gingembre_27.pdf\" target=\"_blank\">Gingembre n\u00b027<\/a> (\u00e9t\u00e9 2016) : Malades \u00e9trangers, L\u2019enqu\u00eate Parcours contre les id\u00e9es re\u00e7ues<\/li>\n<li><a href=\"http:\/\/www.aides.org\/download.php?filepath=\/sites\/default\/files\/remaides\/gingembre_26_web.pdf\" target=\"_blank\">Gingembre n\u00b026<\/a> (printemps 2016) : droits des malades \u00e9trangers<\/li>\n<li><a href=\"http:\/\/www.aides.org\/download.php?filepath=\/sites\/default\/files\/remaides\/gingembre.pdf\" target=\"_blank\">Gingembre n\u00b025<\/a> (hiver 2015) : migrations et VIH<\/li>\n<li><a href=\"http:\/\/www.aides.org\/download.php?filepath=\/sites\/default\/files\/remaides\/gingembre24%20pages.pdf\" target=\"_blank\">Gingembre n\u00b024<\/a> (automne 2015) : <span class=\"field-content\">H\u00e9patites, s\u00e9jour pour soins\u2026<\/span><\/li>\n<li><a href=\"http:\/\/www.aides.org\/download.php?filepath=\/sites\/default\/files\/remaides\/gingembre23.pdf\" target=\"_blank\">Gingembre n\u00b023<\/a> (\u00e9t\u00e9 2015) : <span class=\"field-content\">Etrangers malades <\/span><\/li>\n<li><a href=\"http:\/\/www.aides.org\/download.php?filepath=\/sites\/default\/files\/remaides\/gingembre22.pdf\" target=\"_blank\">Gingembre n\u00b022<\/a> (printemps 2015) : <span class=\"field-content\">Se sentir mieux, \u00eatre plus fortes !<\/span><\/li>\n<li><a href=\"http:\/\/www.aides.org\/download.php?filepath=\/sites\/default\/files\/remaides\/gingembre_20_web.pdf\">Gingembre n\u00b021 <\/a>(hiver 2014) : l&rsquo;enqu\u00eate Parcours, au fil des vies<\/li>\n<\/ul>\n<p>Les num\u00e9ros plus anciens sont accessibles sur le <a href=\"http:\/\/www.aides.org\/tous-les-remaides\">site de AIDES<\/a><\/p>\n","protected":false},"excerpt":{"rendered":"<p>La revue Gingembre, trimestrielle, assure une importante visibilit\u00e9 au RAAC-sida en m\u00eame temps qu\u2019elle constitue un incontournable outil de r\u00e9flexion pour la lutte contre le sida et les h\u00e9patites dans les communaut\u00e9s afro-carib\u00e9ennes. Encart\u00e9e dans la revue REMAIDES, elle est \u00e9galement diffus\u00e9e \u00e0 part en direction des associations du RAAC-sida et des communaut\u00e9s africaines. Vous &hellip; <a href=\"https:\/\/raac-sida.org\/index.php\/gingembre\/\" class=\"more-link\">Continuer la lecture<span class=\"screen-reader-text\"> de &laquo;&nbsp;Gingembre&nbsp;&raquo;<\/span><\/a><\/p>\n","protected":false},"author":1,"featured_media":0,"parent":0,"menu_order":0,"comment_status":"closed","ping_status":"closed","template":"","meta":[],"_links":{"self":[{"href":"https:\/\/raac-sida.org\/index.php\/wp-json\/wp\/v2\/pages\/177"}],"collection":[{"href":"https:\/\/raac-sida.org\/index.php\/wp-json\/wp\/v2\/pages"}],"about":[{"href":"https:\/\/raac-sida.org\/index.php\/wp-json\/wp\/v2\/types\/page"}],"author":[{"embeddable":true,"href":"https:\/\/raac-sida.org\/index.php\/wp-json\/wp\/v2\/users\/1"}],"replies":[{"embeddable":true,"href":"https:\/\/raac-sida.org\/index.php\/wp-json\/wp\/v2\/comments?post=177"}],"version-history":[{"count":10,"href":"https:\/\/raac-sida.org\/index.php\/wp-json\/wp\/v2\/pages\/177\/revisions"}],"predecessor-version":[{"id":242,"href":"https:\/\/raac-sida.org\/index.php\/wp-json\/wp\/v2\/pages\/177\/revisions\/242"}],"wp:attachment":[{"href":"https:\/\/raac-sida.org\/index.php\/wp-json\/wp\/v2\/media?parent=177"}],"curies":[{"name":"wp","href":"https:\/\/api.w.org\/{rel}","templated":true}]}}