{"id":141,"date":"2016-02-16T14:19:57","date_gmt":"2016-02-16T13:19:57","guid":{"rendered":"http:\/\/raac-sida.org\/?page_id=141"},"modified":"2016-02-18T14:28:26","modified_gmt":"2016-02-18T13:28:26","slug":"organisation","status":"publish","type":"page","link":"https:\/\/raac-sida.org\/index.php\/organisation\/","title":{"rendered":"structuration du r\u00e9seau"},"content":{"rendered":"<p><strong>R\u00e9union des Pr\u00e9sidents<\/strong> &gt; Elle regroupe tous les membres du r\u00e9seau, associations et personnes qualifi\u00e9es, et invite de mani\u00e8re exceptionnelle les associations en voie d\u2019int\u00e9gration sans pouvoir de vote.<\/p>\n<p><strong>COPIL et COREDAC <\/strong>&gt; le <strong>comit\u00e9 de pilotage ex\u00e9cutif<\/strong> (COPIL ex\u00e9cutif) constitue aussi le <strong>comit\u00e9 de r\u00e9daction<\/strong> (COREDAC) de GINGEMBRE &#8211; le journal du RAAC-SIDA &#8211; anim\u00e9 par le r\u00e9dacteur en chef de la revue REMAIDES. Elu pour une dur\u00e9e de deux ans reconductibles, le COPIL ex\u00e9cutif appuie la mise en \u0153uvre des projets du RAAC-sida. Il concr\u00e9tise et pr\u00e9cise les orientations d\u00e9finies par la r\u00e9union des pr\u00e9sidents.<\/p>\n<p style=\"padding-left: 30px;\"><span style=\"color: #993300;\"><em>&gt;&gt;&gt; <strong>membres du COPIL \/ COREDAC 2015-2017 :<\/strong> Albertine Pabingui (Da Ti Seni &#8211; soutien secr\u00e9tariat) ; Ariel J.U. Djessima Teba (Afrique Arc En Ciel &#8211; soutien financements) ; Alain Bonnineau (AIDES &#8211; membre de droit) ; Caroline Andoum (Bamesso et ses amis &#8211; porte parole) ; Joseph Koffi (personnalit\u00e9 qualifi\u00e9e &#8211; porte parole) ; Augustin Mba Biyoghe (CAAP-sant\u00e9 31 &#8211; porte parole suppl\u00e9ant) ; Mathy Kenya (Vie Enfance Espoir &#8211; porte parole suppl\u00e9ante).<\/em><\/span><\/p>\n<p><strong>SECRETARIAT GENERAL <\/strong>&gt; Le secr\u00e9tariat g\u00e9n\u00e9ral est assur\u00e9 par l\u2019association AIDES, membre fondateur du RAAC-SIDA, dans un r\u00f4le sp\u00e9cifique de soutien \u00e0 la mobilisation par l\u2019apport logistique et m\u00e9thodologique. Il met \u00e0 disposition une salari\u00e9e \u00e0 temps partiel en soutien \u00e0 l\u2019animation.<\/p>\n<p style=\"padding-left: 30px;\"><span style=\"color: #993300;\"><em>&gt;&gt;&gt; <strong>animation &amp; coordination :<\/strong> Coline MEY &#8211; coordination Gingembre : Jean Fran\u00e7ois Laforgerie<\/em><\/span><\/p>\n<p><strong>LES PORTES PAROLES <\/strong>&gt; un coll\u00e8ge de deux porte-paroles et de deux suppl\u00e9ant-e-s, est \u00e9lu lors des assembl\u00e9es g\u00e9n\u00e9rales, pour une dur\u00e9e de deux ans renouvelable. Ils et elles portent la voix du r\u00e9seau et assurent sa visibilit\u00e9 dans les m\u00e9dias et lors des manifestations.<\/p>\n<p style=\"padding-left: 30px;\"><span style=\"color: #993300;\"><em>&gt;&gt;&gt; <strong>portes paroles 2015-2017 :<\/strong> Caroline Andoum et Joseph Koffi<br \/>\n<em> (<\/em>suppl\u00e9ant-e-s :\u00a0Augustin Mba Biyoghe et Mathy Kenya)<\/em><\/span><\/p>\n","protected":false},"excerpt":{"rendered":"<p>R\u00e9union des Pr\u00e9sidents &gt; Elle regroupe tous les membres du r\u00e9seau, associations et personnes qualifi\u00e9es, et invite de mani\u00e8re exceptionnelle les associations en voie d\u2019int\u00e9gration sans pouvoir de vote. COPIL et COREDAC &gt; le comit\u00e9 de pilotage ex\u00e9cutif (COPIL ex\u00e9cutif) constitue aussi le comit\u00e9 de r\u00e9daction (COREDAC) de GINGEMBRE &#8211; le journal du RAAC-SIDA &#8211; &hellip; <a href=\"https:\/\/raac-sida.org\/index.php\/organisation\/\" class=\"more-link\">Continuer la lecture<span class=\"screen-reader-text\"> de &laquo;&nbsp;structuration du r\u00e9seau&nbsp;&raquo;<\/span><\/a><\/p>\n","protected":false},"author":1,"featured_media":0,"parent":0,"menu_order":0,"comment_status":"closed","ping_status":"closed","template":"","meta":[],"_links":{"self":[{"href":"https:\/\/raac-sida.org\/index.php\/wp-json\/wp\/v2\/pages\/141"}],"collection":[{"href":"https:\/\/raac-sida.org\/index.php\/wp-json\/wp\/v2\/pages"}],"about":[{"href":"https:\/\/raac-sida.org\/index.php\/wp-json\/wp\/v2\/types\/page"}],"author":[{"embeddable":true,"href":"https:\/\/raac-sida.org\/index.php\/wp-json\/wp\/v2\/users\/1"}],"replies":[{"embeddable":true,"href":"https:\/\/raac-sida.org\/index.php\/wp-json\/wp\/v2\/comments?post=141"}],"version-history":[{"count":9,"href":"https:\/\/raac-sida.org\/index.php\/wp-json\/wp\/v2\/pages\/141\/revisions"}],"predecessor-version":[{"id":211,"href":"https:\/\/raac-sida.org\/index.php\/wp-json\/wp\/v2\/pages\/141\/revisions\/211"}],"wp:attachment":[{"href":"https:\/\/raac-sida.org\/index.php\/wp-json\/wp\/v2\/media?parent=141"}],"curies":[{"name":"wp","href":"https:\/\/api.w.org\/{rel}","templated":true}]}}